{"id":8,"date":"2020-09-12T14:59:57","date_gmt":"2020-09-12T12:59:57","guid":{"rendered":"http:\/\/notre-trait-d-union.fr\/?page_id=8"},"modified":"2020-09-18T17:15:20","modified_gmt":"2020-09-18T15:15:20","slug":"a-propos-de","status":"publish","type":"page","link":"https:\/\/notre-trait-d-union.fr\/index.php\/a-propos-de\/","title":{"rendered":"\u00c0 propos de"},"content":{"rendered":"<p>Ce blog est un espace de r\u00e9flexion.<\/p>\n<p>N&#8217;h\u00e9sitez pas \u00e0 participer en laissant un commentaire sur les articles en ligne (cliquer sur le titre et saisir le commentaire en bas de l&#8217;article).<\/p>\n<p><strong>Charte de Mod\u00e9ration<\/strong><\/p>\n<ol>\n<li>D\u00e9finition<\/li>\n<\/ol>\n<p>Un Forum est un lieu de discussions et d&#8217;\u00e9change d&#8217;informations que \u00abNOTRE TRAIT D\u2019UNION\u00bb met \u00e0 disposition de ses internautes. Autour des th\u00e8mes qui vous sont propos\u00e9s, vous pouvez \u00e0 tout moment prendre connaissance des interventions des autres utilisateurs et apporter votre propre contribution.<\/p>\n<ol start=\"2\">\n<li>Messages hors sujet<\/li>\n<\/ol>\n<p>Les Forums permettent de cr\u00e9er une communaut\u00e9 autour d&#8217;un th\u00e8me. Vous pouvez vous joindre \u00e0 cette communaut\u00e9 ou simplement en solliciter ses conseils, mais dans tous les cas, il est primordial que vous le fassiez sur le forum ad\u00e9quat. Les Forums sont class\u00e9s par \u00e9missions et par grandes th\u00e9matiques li\u00e9es \u00e0 l&#8217;information et au sport. Au sein de chaque Forum sont disponibles les diff\u00e9rents th\u00e8mes de discussions que nous vous proposons. Il est important de bien choisir votre Forum et votre th\u00e8me de discussion afin d&#8217;entrer en contact avec la communaut\u00e9 appropri\u00e9e. Tout message jug\u00e9 Hors sujet par les mod\u00e9rateurs ne sera pas publi\u00e9.<\/p>\n<ol start=\"3\">\n<li>La mod\u00e9ration<\/li>\n<\/ol>\n<p>Sur certains forums, lorsque vous postez des messages, ils peuvent \u00eatre lus et approuv\u00e9s par un mod\u00e9rateur AVANT d&#8217;\u00eatre publi\u00e9s. Donc, m\u00eame si les mod\u00e9rateurs sont pr\u00e9sents de fa\u00e7on tr\u00e8s r\u00e9guli\u00e8re sur le forum (plusieurs heures par jour), ne vous \u00e9tonnez pas si votre message n&#8217;appara\u00eet pas imm\u00e9diatement. Sur les autres, les messages sont publi\u00e9s automatiquement puis peuvent \u00eatre retir\u00e9s \u00e0 tout moment par la suite s&#8217;ils ne r\u00e9pondent pas aux conditions notamment de la pr\u00e9sente charte. Cependant mod\u00e9ration ne signifie pas censure. Les forums doivent rester des espaces de discussion conviviaux. Dans la mesure o\u00f9 vos propos respectent les r\u00e8gles d&#8217;utilisation des Forums, vos messages seront publi\u00e9s.<\/p>\n<ol start=\"4\">\n<li>Le respect de la loi<\/li>\n<\/ol>\n<p>Nous vous invitons \u00e0 garder un comportement ad\u00e9quat. Les propos suivants ne seront pas tol\u00e9r\u00e9s :<\/p>\n<ul>\n<li>Les propos grossiers et obsc\u00e8nes<\/li>\n<li>Les messages incompr\u00e9hensibles<\/li>\n<li>Les insultes personnelles entre intervenants<\/li>\n<li>Les &#8220;proc\u00e8s&#8221; conduits par un ou plusieurs intervenants<\/li>\n<li>Les sp\u00e9culations ou r\u00e9v\u00e9lations \u00e0 propos de l&#8217;identit\u00e9 de tel intervenant<\/li>\n<li>Les messages sans rapport avec le forum (messages hors sujets, incompr\u00e9hensibles, non argument\u00e9s)<\/li>\n<li>Les messages \u00e9crits dans une autre langue que le fran\u00e7ais Les &#8220;copi\u00e9s\/coll\u00e9s&#8221; de contenus r\u00e9dactionnels dont le contributeur n&#8217;a pas les droits<\/li>\n<li>Les petites annonces, messages \u00e0 des fins d&#8217;enqu\u00eates, de concours, de ventes pyramidales ou autres op\u00e9rations similaires,courriers en cha\u00eene, pourriels, spams, publicit\u00e9s ou \u00e9l\u00e9ments promotionnels non sollicit\u00e9s, publicit\u00e9s et liens vers d&#8217;autres sites<\/li>\n<li>Les messages \u00e9manant d&#8217;organisations syndicales ou politiques<\/li>\n<li>Les descriptions physiques<\/li>\n<li>Les num\u00e9ros de t\u00e9l\u00e9phone et les adresses postales, dans le souci d&#8217;\u00e9viter tout harc\u00e8lement ult\u00e9rieur<\/li>\n<li>Les messages incitant ou permettant le piratage informatique (incitation au piratage, \u00e0 l&#8217;intrusion dans un syst\u00e8me de traitement automatis\u00e9 de donn\u00e9es, mise \u00e0 disposition de logiciels pirates ou de programmes destin\u00e9s \u00e0 une utilisation frauduleuse des logiciels)<\/li>\n<li>Les messages identiques ou similaires r\u00e9p\u00e9titifs saturant le forum<\/li>\n<\/ul>\n<ol start=\"5\">\n<li>Le respect de la netiquette<\/li>\n<\/ol>\n<p>Nous vous invitons \u00e0 respecter sur les forums de \u00abNOTRE TRAIT D\u2019UNION\u00bb les r\u00e8gles de la netiquette :<\/p>\n<p><\/p>\n<p><u>Respecter l&#8217;avis d&#8217;autrui :<\/u><\/p>\n<p>Le propre d&#8217;une discussion n&#8217;est pas le consensus mais la confrontation d&#8217;id\u00e9e. Malheureusement, celle-ci peut rapidement d\u00e9g\u00e9n\u00e9rer en \u00e9changes d&#8217;attaques personnelles, d&#8217;insultes et de grossi\u00e8ret\u00e9s lorsque vous \u00eates \u00e0 court d&#8217;arguments. Si vous n&#8217;\u00eates pas d&#8217;accord avec quelqu&#8217;un, d\u00eetes-le lui simplement, sans lui manquer de respect. L&#8217;\u00e9quipe des Forums se r\u00e9serve le droit de refuser un message avant publication ou de l&#8217;effacer apr\u00e8s publication si ce message est jug\u00e9 trop agressif, grossier ou insultant envers son destinataire. Nous vous invitons \u00e0 respecter sur les forums de \u00abNOTRE TRAIT D\u2019UNION\u00bb les r\u00e8gles de la netiquette :<\/p>\n<p><\/p>\n<p><u>Rester bref et clair :<\/u><\/p>\n<p>Les messages trop longs sont rarement lus. Si vous voulez qu&#8217;on vous lise, faites court ! De m\u00eame, plus vous \u00eates clairs et plus les autres intervenants auront plaisir \u00e0 vous lire et \u00e0 vous r\u00e9pondre. Mieux vous serez compris et plus vos discussions pourront \u00eatre int\u00e9ressantes. Un bon moyen d&#8217;\u00eatre clair, c&#8217;est de commencer par donner un titre explicite \u00e0 votre message. L&#8217;\u00e9quipe des Forums ne se donne cependant pas pour mission de juger la longueur et la clart\u00e9 de vos messages. Aucune mod\u00e9ration ne sera effectu\u00e9e sur ces crit\u00e8res.<\/p>\n<p><u>Ne criez pas :<\/u><\/p>\n<p>Sur Internet, \u00e9crire en majuscule \u00e9quivaut \u00e0 crier. Comme dans n&#8217;importe quelle discussion de vive voix, il n&#8217;est jamais tr\u00e8s agr\u00e9able d&#8217;entendre quelqu&#8217;un crier. Et ce n&#8217;est pas ainsi que vous obtiendrez le dernier mot. Alors restez calme et \u00e9crivez en minuscules.<\/p>\n<p><u>Soyez prudent :<\/u><\/p>\n<p>Les Forums sont accessibles \u00e0 tous les internautes. Vos messages peuvent donc \u00eatre potentiellement lus par des milliers d&#8217;internautes. Soyez donc prudents. Faites attention dans vos messages aux informations que vous divulguez. Si vous ne voulez pas faire conna\u00eetre votre nom de famille ou votre e-mail ne les mettez pas. L&#8217;\u00e9quipe des Forums se r\u00e9serve le droit de refuser un message avant publication ou de l&#8217;effacer apr\u00e8s publication si ce message contient un num\u00e9ro de t\u00e9l\u00e9phone ou une adresse postale.<\/p>\n<p><u>Soyez courtois et sympathique :<\/u><\/p>\n<p>Comportez-vous dans les Forums comme dans la vie r\u00e9elle. Soyez courtois. Saluez la communaut\u00e9 dans laquelle vous arrivez. Accueillez poliment chaque nouvel intervenant. Respectez les r\u00e8gles de politesse valable dans tous les cas de vie en communaut\u00e9.<\/p>\n<p><u>Prenez du recul :<\/u><\/p>\n<p>Il peut arriver que certains messages satiriques soient mal compris. Avant de vous outrager, demandez-vous si vous devez prendre ce message pour argent comptant. Evitez de r\u00e9agir \u00e0 chaud quand un sujet vous tient vraiment trop \u00e0 coeur. Vous risquez de d\u00e9raper et de dire des mots qui d\u00e9passent votre pens\u00e9e.<\/p>\n<p><u>Exprimez vos \u00e9motions :<\/u><\/p>\n<p>Il est parfois difficile de faire transpara\u00eetre ses \u00e9motions avec des mots. Internet a invent\u00e9 tout un langage pour pallier ce probl\u00e8me : les &#8220;smileys&#8221;. Pour les comprendre penchez la t\u00eate sur la gauche. Voici un petit rappel des plus utilis\u00e9s :<\/p>\n<p>\ud83d\ude42 Sourire<\/p>\n<p>;-( Triste<\/p>\n<p>:-p Tire la langue<\/p>\n<p>\ud83d\ude21 Bisou<\/p>\n<ol start=\"6\">\n<li>Alertez le mod\u00e9rateur<\/li>\n<\/ol>\n<p>Tous vos messages sont lus par notre \u00e9quipe de mod\u00e9ration avant publication. Cependant, l&#8217;erreur est humaine, et il est toujours possible qu&#8217;un message \u00e9chappe \u00e0 notre vigilance. C&#8217;est pourquoi vous avez la possibilit\u00e9 de nous signaler un message que vous trouveriez non conforme \u00e0 cette charte gr\u00e2ce au bouton &#8220;Alertez le mod\u00e9rateur&#8221; pr\u00e9sent sur chaque message au sein des Forums. Vos remarques seront toujours prises en compte.<\/p>\n<p>Vos messages doivent se conformer \u00e0 la l\u00e9gislation en vigueur en France. Il est d&#8217;ores et d\u00e9j\u00e0 entendu que les messages illicites ne pourront donc pas \u00eatre publi\u00e9s sur les forums de \u00abNOTRE TRAIT D\u2019UNION\u00bb et notamment ceux :<\/p>\n<ul>\n<li>Contraires \u00e0 l&#8217;ordre public et aux bonnes moeurs<\/li>\n<li>A caract\u00e8re diffamatoire (imputation d&#8217;un fait portant atteinte \u00e0 l&#8217;honneur ou \u00e0 la consid\u00e9ration de la personne physique ou morale, ou du corps auquel le fait est imput\u00e9)<\/li>\n<li>A caract\u00e8re injurieux (expression outrageante, terme de m\u00e9pris ou invective)<\/li>\n<li>Susceptibles par leur nature de porter atteinte au respect de la personne humaine et de sa dignit\u00e9, \u00e0 l&#8217;\u00e9galit\u00e9 entre les femmes et les hommes et \u00e0 la protection des enfants et des adolescents.<\/li>\n<li>Invitant les mineurs \u00e0 commettre des actes illicites ou dangereux.<\/li>\n<li>Encourageant la commission de crimes et\/ou d\u00e9lits ou incitant \u00e0 la consommation de substances interdites ou incitant au suicide.<\/li>\n<li>Incitant \u00e0 la discrimination, \u00e0 la haine d&#8217;une personne ou d&#8217;un groupe de personnes en raison de leur origine, de leur appartenance ou de leur non-appartenance \u00e0 une ethnie, une nation, une race ou une religion d\u00e9termin\u00e9e.<\/li>\n<li>Incitant \u00e0 la violence, notamment raciale<\/li>\n<li>Faisant l&#8217;apologie de certains crimes, notamment meurtre, viol, crimes de guerre et crimes contre l&#8217;humanit\u00e9<\/li>\n<li>A caract\u00e8re raciste, antis\u00e9mite, x\u00e9nophobe, r\u00e9visionniste, \u00e0 caract\u00e8re violent, obsc\u00e8ne ou pornographique.<\/li>\n<li>A caract\u00e8re p\u00e9dophile<\/li>\n<li>Portant atteinte aux droits de la personnalit\u00e9, droits d&#8217;auteurs, droits voisins et au droit des marques<\/li>\n<li>Portant atteinte \u00e0 l&#8217;image de \u00abNOTRE TRAIT D\u2019UNION\u00bb<\/li>\n<\/ul>\n\n\n<p><\/p>\n","protected":false},"excerpt":{"rendered":"<p>Ce blog est un espace de r\u00e9flexion. N&#8217;h\u00e9sitez pas \u00e0 participer en laissant un commentaire&#8230;<\/p>\n","protected":false},"author":1,"featured_media":13,"parent":0,"menu_order":0,"comment_status":"closed","ping_status":"closed","template":"","meta":[],"_links":{"self":[{"href":"https:\/\/notre-trait-d-union.fr\/index.php\/wp-json\/wp\/v2\/pages\/8"}],"collection":[{"href":"https:\/\/notre-trait-d-union.fr\/index.php\/wp-json\/wp\/v2\/pages"}],"about":[{"href":"https:\/\/notre-trait-d-union.fr\/index.php\/wp-json\/wp\/v2\/types\/page"}],"author":[{"embeddable":true,"href":"https:\/\/notre-trait-d-union.fr\/index.php\/wp-json\/wp\/v2\/users\/1"}],"replies":[{"embeddable":true,"href":"https:\/\/notre-trait-d-union.fr\/index.php\/wp-json\/wp\/v2\/comments?post=8"}],"version-history":[{"count":5,"href":"https:\/\/notre-trait-d-union.fr\/index.php\/wp-json\/wp\/v2\/pages\/8\/revisions"}],"predecessor-version":[{"id":87,"href":"https:\/\/notre-trait-d-union.fr\/index.php\/wp-json\/wp\/v2\/pages\/8\/revisions\/87"}],"wp:featuredmedia":[{"embeddable":true,"href":"https:\/\/notre-trait-d-union.fr\/index.php\/wp-json\/wp\/v2\/media\/13"}],"wp:attachment":[{"href":"https:\/\/notre-trait-d-union.fr\/index.php\/wp-json\/wp\/v2\/media?parent=8"}],"curies":[{"name":"wp","href":"https:\/\/api.w.org\/{rel}","templated":true}]}}